{"id":3710,"date":"2018-01-30T11:20:19","date_gmt":"2018-01-30T11:20:19","guid":{"rendered":"https:\/\/nou.escuelapilotohelicoptero.com\/?page_id=3710"},"modified":"2024-04-18T10:08:03","modified_gmt":"2024-04-18T10:08:03","slug":"modular-commercial-helicopter-pilot-course-cplh","status":"publish","type":"page","link":"https:\/\/nou.escuelapilotohelicoptero.com\/en\/curso-modular-piloto-comericial-de-helicoptero-cplh\/","title":{"rendered":"CPL(H) Commercial Helicopter Pilot Modular Course"},"content":{"rendered":"<div id=\"pl-3710\"  class=\"panel-layout\" ><div id=\"pg-3710-0\"  class=\"panel-grid panel-no-style\" ><div id=\"pgc-3710-0-0\"  class=\"panel-grid-cell\" ><div id=\"panel-3710-0-0-0\" class=\"so-panel widget widget_sow-image panel-first-child panel-last-child\" data-index=\"0\" ><div\n\t\t\t\n\t\t\tclass=\"so-widget-sow-image so-widget-sow-image-default-8b5b6f678277-3710\"\n\t\t\t\n\t\t>\n<div class=\"sow-image-container\">\n\t\t<img \n\tsrc=\"https:\/\/nou.escuelapilotohelicoptero.com\/wp-content\/uploads\/2019\/12\/curso_cplh_modular-scaled.jpg\" width=\"1024\" height=\"367\" srcset=\"https:\/\/nou.escuelapilotohelicoptero.com\/wp-content\/uploads\/2019\/12\/curso_cplh_modular-scaled.jpg 1024w, https:\/\/nou.escuelapilotohelicoptero.com\/wp-content\/uploads\/2019\/12\/curso_cplh_modular-300x108.jpg 300w, https:\/\/nou.escuelapilotohelicoptero.com\/wp-content\/uploads\/2019\/12\/curso_cplh_modular-768x275.jpg 768w\" sizes=\"(max-width: 1024px) 100vw, 1024px\" title=\"MODULAR CPL(H) COMMERCIAL HELICOPTER PILOT COURSE\" alt=\"CPL(H) Commercial Helicopter Pilot Modular Course\" \t\tclass=\"so-widget-image\"\/>\n\t<\/div>\n\n<\/div><\/div><\/div><\/div><div id=\"pg-3710-1\"  class=\"panel-grid panel-no-style\" ><div id=\"pgc-3710-1-0\"  class=\"panel-grid-cell\" ><div id=\"panel-3710-1-0-0\" class=\"so-panel widget widget_text panel-first-child panel-last-child\" data-index=\"1\" ><div class=\"panel-widget-style panel-widget-style-for-3710-1-0-0\" ><h3 class=\"widget-title\">INFORMATION<\/h3>\t\t\t<div class=\"textwidget\"><p><i class=\"fa fa-calendar fa-lg\" aria-hidden=\"true\" style=\"color:#333333; margin-right: 15px;\"><\/i><b>Duration:<\/b>From 12 to 18 months<br \/>\n<i class=\"fa fa-eur fa-lg\" aria-hidden=\"true\" style=\"color:#333333 ; margin-right: 20px;\"><\/i><b>Price:<\/b> To consult<br \/>\n<i class=\"fa fa-info-circle fa-lg\" aria-hidden=\"true\" style=\"color:#333333; margin-right: 12px;\"><\/i><a href=\"https:\/\/nou.escuelapilotohelicoptero.com\/en\/contact\/\">More information<\/a><\/p>\n<\/div>\n\t\t<\/div><\/div><\/div><div id=\"pgc-3710-1-1\"  class=\"panel-grid-cell\" ><div id=\"panel-3710-1-1-0\" class=\"so-panel widget widget_text panel-first-child panel-last-child\" data-index=\"2\" ><div class=\"panel-widget-style panel-widget-style-for-3710-1-1-0\" ><h3 class=\"widget-title\">WHAT CAN YOU DO?<\/h3>\t\t\t<div class=\"textwidget\"><p>Act as pilot-in-command in non-commercial airlift operations and as pilot-in-command in commercial airlift operations in any single-pilot certified helicopter.<\/p>\n<\/div>\n\t\t<\/div><\/div><\/div><\/div><div id=\"pg-3710-2\"  class=\"panel-grid panel-no-style\" ><div id=\"pgc-3710-2-0\"  class=\"panel-grid-cell\" ><div id=\"panel-3710-2-0-0\" class=\"so-panel widget widget_text panel-first-child panel-last-child\" data-index=\"3\" >\t\t\t<div class=\"textwidget\"><h3>Course Description<\/h3>\n<p>He <b>CPL(H) Commercial Helicopter Pilot Modular Course<\/b> It differs from the private one by granting the pilot the ability to practice the profession of professional helicopter pilot on a paid basis, also being capable of transporting passengers.<\/p>\n<p>These courses are carried out under the <a href=\"http:\/\/www.seguridadaerea.gob.es\/lang_castellano\/regl_ue_calend\/default.aspx\" target=\"_blank\" rel=\"noopener\"> EU regulations <\/a>for the correct obtaining of the CPL(H) commercial helicopter pilot license.<\/p>\n<\/div>\n\t\t<\/div><\/div><\/div><div id=\"pg-3710-3\"  class=\"panel-grid panel-no-style\" ><div id=\"pgc-3710-3-0\"  class=\"panel-grid-cell\" ><div id=\"panel-3710-3-0-0\" class=\"so-panel widget widget_text panel-first-child panel-last-child\" data-index=\"4\" >\t\t\t<div class=\"textwidget\"><h3> Course duration <\/h3>\n<p>He <b>CPL(H) Commercial Helicopter Pilot Modular Course<\/b> It can last from 12 to 18 months depending on the time dedicated by the student and their availability.<\/p>\n<\/div>\n\t\t<\/div><\/div><\/div><div id=\"pg-3710-4\"  class=\"panel-grid panel-no-style\" ><div id=\"pgc-3710-4-0\"  class=\"panel-grid-cell\" ><div id=\"panel-3710-4-0-0\" class=\"so-panel widget widget_sow-tabs panel-first-child panel-last-child\" data-index=\"5\" ><div\n\t\t\t\n\t\t\tclass=\"so-widget-sow-tabs so-widget-sow-tabs-default-88dbdf24cd2c-3710\"\n\t\t\t\n\t\t><h3 class=\"widget-title\">Course structure<\/h3><div class=\"sow-tabs\">\n\t<div class=\"sow-tabs-tab-container\" role=\"tablist\">\n\t\t\t<div\n\t\t\tclass=\"sow-tabs-tab\t\t\t sow-tabs-tab-selected\"\n\t\t\trole=\"tab\"\n\t\t\tdata-anchor-id=\"temario\"\n\t\t\taria-selected=\"true\"\n\t\t\ttabindex=\"0\"\n\t\t>\n\t\t\t<div class=\"sow-tabs-title sow-tabs-title-icon-left\">\n\t\t\t\t\t\t\t\tSyllabus\t\t\t\t\t\t\t<\/div>\n\t\t<\/div>\n\t\t\t<div\n\t\t\tclass=\"sow-tabs-tab\"\n\t\t\trole=\"tab\"\n\t\t\tdata-anchor-id=\"entrenamiento-de-vuelo\"\n\t\t\taria-selected=\"false\"\n\t\t\ttabindex=\"0\"\n\t\t>\n\t\t\t<div class=\"sow-tabs-title sow-tabs-title-icon-left\">\n\t\t\t\t\t\t\t\tflight training\t\t\t\t\t\t\t<\/div>\n\t\t<\/div>\n\t\t<\/div>\n\n\t<div class=\"sow-tabs-panel-container\">\n\t\t\t<div class=\"sow-tabs-panel\">\n\t\t\t<div\n\t\t\t\tclass=\"sow-tabs-panel-content\"\n\t\t\t\trole=\"tabpanel\"\n\t\t\t\taria-hidden=\"false\"\n\t\t\t>\n\t\t\t\t<p>The applicant must complete 200 theoretical hours. During the course the following topics will be studied:<\/p>\n<ul>\n<li>Air legislation<\/li>\n<li>General knowledge of aircraft<\/li>\n<li>Performance and flight planning<\/li>\n<li>Human factors<\/li>\n<li>Meteorology<\/li>\n<li>Navigation<\/li>\n<li>Operational procedures<\/li>\n<li>Beginning of flights<\/li>\n<li>Communications<\/li>\n<\/ul>\n<p><em>*The rest of the theoretical hours are completed with pre- and post-flight conferences.<\/em><\/p>\n\t\t\t<\/div>\n\t\t<\/div>\n\t\t\t<div class=\"sow-tabs-panel\">\n\t\t\t<div\n\t\t\t\tclass=\"sow-tabs-panel-content\"\n\t\t\t\trole=\"tabpanel\"\n\t\t\t\taria-hidden=\"true\"\n\t\t\t>\n\t\t\t\t<p>In the flight phase, the applicant must complete 30 hours of flight instruction, if the student comes from a PPL(H) with a Night VFR rating and 35 hours if the student does not have a Night VFR rating.<\/p>\n\t\t\t<\/div>\n\t\t<\/div>\n\t\t<\/div>\n<\/div>\n<\/div><\/div><\/div><\/div><div id=\"pg-3710-5\"  class=\"panel-grid panel-no-style\" ><div id=\"pgc-3710-5-0\"  class=\"panel-grid-cell\" ><div id=\"panel-3710-5-0-0\" class=\"so-panel widget widget_text panel-first-child panel-last-child\" data-index=\"6\" >\t\t\t<div class=\"textwidget\"><h3> Exams <\/h3>\nThe applicant must demonstrate an adequate level of knowledge to pass the subjects in a period of 12 months:\n<ul>\n<li> Air legislation <\/li>\n<li> General knowledge of aircraft <\/li>\n<li> Performance and flight planning <\/li>\n<li> Human factors <\/li>\n<li> Meteorology <\/li>\n<li> Navigation <\/li>\n<li> Operational procedures <\/li>\n<li> Beginning of flights <\/li>\n<li> Communications <\/li>\n<\/ul><\/div>\n\t\t<\/div><\/div><\/div><div id=\"pg-3710-6\"  class=\"panel-grid panel-no-style\" ><div id=\"pgc-3710-6-0\"  class=\"panel-grid-cell\" ><div id=\"panel-3710-6-0-0\" class=\"so-panel widget widget_text panel-first-child panel-last-child\" data-index=\"7\" >\t\t\t<div class=\"textwidget\"><h3> Requirements to take the course <\/h3>\nFor him <b> Modular Commercial Helicopter Pilot Course<\/b> you only need:\n<ul>\n<li> A PPL(H) license <\/li>\n<li> Being over 18 years <\/li>\n<li> 155 flight hours as a pilot, of which 10 were spent cruising as a PIC. In the case of a CPL(A) it will be 105 hours and in the case of a PPL(A), 135 hours. <\/li>\n<li> Have a class 1 medical certificate You can obtain the medical certificate at the following centers: <a href=\"http:\/\/www.seguridadaerea.gob.es\/lang_castellano\/prof_sector\/medicina\/centros\/default.aspx\" target=\"_blank\" rel=\"noopener\"> Aeronautical medicine centers <\/a>. For more information visit the page <a href=\"http:\/\/www.seguridadaerea.gob.es\/lang_castellano\/prof_sector\/medicina\/certif_med\/default.aspx\" target=\"_blank\" rel=\"noopener\"> Medical certificates <\/a>. <\/li>\n<\/ul><\/div>\n\t\t<\/div><\/div><\/div><div id=\"pg-3710-7\"  class=\"panel-grid panel-no-style\" ><div id=\"pgc-3710-7-0\"  class=\"panel-grid-cell\" ><div id=\"panel-3710-7-0-0\" class=\"so-panel widget widget_sow-button panel-first-child panel-last-child\" data-index=\"8\" ><div\n\t\t\t\n\t\t\tclass=\"so-widget-sow-button so-widget-sow-button-atom-bd7636dd537c-3710\"\n\t\t\t\n\t\t><div class=\"ow-button-base ow-button-align-center\"\n>\n\t\t\t<a href=\"https:\/\/nou.escuelapilotohelicoptero.com\/en\/contacto\/\" class=\"sowb-button ow-icon-placement-left ow-button-hover\">\n\t\t<span>\n\t\t\t\n\t\t\tMore information about the Modular Commercial Helicopter Pilot Course\t\t<\/span>\n\t\t\t<\/a>\n\t<\/div>\n<\/div><\/div><\/div><\/div><div id=\"pg-3710-8\"  class=\"panel-grid panel-no-style\" ><div id=\"pgc-3710-8-0\"  class=\"panel-grid-cell\" ><div id=\"panel-3710-8-0-0\" class=\"so-panel widget widget_text panel-first-child panel-last-child\" data-index=\"9\" >\t\t\t<div class=\"textwidget\"><h3> Professional departure for helicopter pilots in Spain <\/h3>\n<p>Obtaining a commercial helicopter pilot license is no different from completing a master&#039;s degree or university degree. After completing the course, you will need to accumulate professional experience (flight hours) to be able to reach well-paid jobs.<\/p>\n<p>The normal thing is to work for a few years in medium-sized helicopter companies to later take the leap and work as a helicopter pilot in the specialization that you like the most, whether as a police helicopter pilot, as a fire department pilot or maritime rescue, or as a passenger transport pilot of large and luxurious helicopters. <\/p><br \/>\nJust like an airplane pilot, you have to be willing to travel (abroad if necessary) and you will set the limits, since like in any job, if you want to go far, you have to be ambitious and never stop training. (obtain qualifications and specialized courses).<\/p>\n<\/div>\n\t\t<\/div><\/div><\/div><div id=\"pg-3710-9\"  class=\"panel-grid panel-no-style\" ><div id=\"pgc-3710-9-0\"  class=\"panel-grid-cell\" ><div id=\"panel-3710-9-0-0\" class=\"so-panel widget widget_text panel-first-child\" data-index=\"10\" >\t\t\t<div class=\"textwidget\"><\/div>\n\t\t<\/div><div id=\"panel-3710-9-0-1\" class=\"so-panel widget widget_sow-button\" data-index=\"11\" ><div\n\t\t\t\n\t\t\tclass=\"so-widget-sow-button so-widget-sow-button-atom-bd7636dd537c-3710\"\n\t\t\t\n\t\t><div class=\"ow-button-base ow-button-align-center\"\n>\n\t\t\t<a href=\"https:\/\/nou.escuelapilotohelicoptero.com\/en\/contacto\/\" class=\"sowb-button ow-icon-placement-left ow-button-hover\">\n\t\t<span>\n\t\t\t\n\t\t\tMore information about the CPL(H) Commercial Helicopter Pilot Modular Course\t\t<\/span>\n\t\t\t<\/a>\n\t<\/div>\n<\/div><\/div><div id=\"panel-3710-9-0-2\" class=\"so-panel widget widget_text panel-last-child\" data-index=\"12\" >\t\t\t<div class=\"textwidget\"><\/div>\n\t\t<\/div><\/div><\/div><div id=\"pg-3710-10\"  class=\"panel-grid panel-no-style\" ><div id=\"pgc-3710-10-0\"  class=\"panel-grid-cell\" ><div id=\"panel-3710-10-0-0\" class=\"so-panel widget widget_text panel-first-child panel-last-child\" data-index=\"13\" >\t\t\t<div class=\"textwidget\"><h3>Contact us!<\/h3>\n\n<div class=\"wpcf7 no-js\" id=\"wpcf7-f7119-o1\" lang=\"es-ES\" dir=\"ltr\" data-wpcf7-id=\"7119\">\n<div class=\"screen-reader-response\"><p role=\"status\" aria-live=\"polite\" aria-atomic=\"true\"><\/p> <ul><\/ul><\/div>\n<form action=\"\/en\/wp-json\/wp\/v2\/pages\/3710#wpcf7-f7119-o1\" method=\"post\" class=\"wpcf7-form init\" aria-label=\"Contact Form\" novalidate=\"novalidate\" data-status=\"init\" data-trp-original-action=\"\/en\/wp-json\/wp\/v2\/pages\/3710#wpcf7-f7119-o1\">\n<fieldset class=\"hidden-fields-container\"><input type=\"hidden\" name=\"_wpcf7\" value=\"7119\" \/><input type=\"hidden\" name=\"_wpcf7_version\" value=\"6.1.5\" \/><input type=\"hidden\" name=\"_wpcf7_locale\" value=\"es_ES\" \/><input type=\"hidden\" name=\"_wpcf7_unit_tag\" value=\"wpcf7-f7119-o1\" \/><input type=\"hidden\" name=\"_wpcf7_container_post\" value=\"0\" \/><input type=\"hidden\" name=\"_wpcf7_posted_data_hash\" value=\"\" \/>\n<\/fieldset>\n<p><label> Name<br \/>\n<span class=\"wpcf7-form-control-wrap\" data-name=\"your-name\"><input size=\"40\" maxlength=\"400\" class=\"wpcf7-form-control wpcf7-text wpcf7-validates-as-required\" aria-required=\"true\" aria-invalid=\"false\" value=\"\" type=\"text\" name=\"your-name\" \/><\/span> <\/label>\n<\/p>\n<p><label> Surnames<br \/>\n<span class=\"wpcf7-form-control-wrap\" data-name=\"your-apellidos\"><input size=\"40\" maxlength=\"400\" class=\"wpcf7-form-control wpcf7-text wpcf7-validates-as-required\" aria-required=\"true\" aria-invalid=\"false\" value=\"\" type=\"text\" name=\"your-apellidos\" \/><\/span> <\/label>\n<\/p>\n<p><label> E-mail<br \/>\n<span class=\"wpcf7-form-control-wrap\" data-name=\"your-email\"><input size=\"40\" maxlength=\"400\" class=\"wpcf7-form-control wpcf7-email wpcf7-validates-as-required wpcf7-text wpcf7-validates-as-email\" aria-required=\"true\" aria-invalid=\"false\" value=\"\" type=\"email\" name=\"your-email\" \/><\/span> <\/label>\n<\/p>\n<p><label> Phone<br \/>\n<span class=\"wpcf7-form-control-wrap\" data-name=\"your-tel\"><input size=\"40\" maxlength=\"400\" class=\"wpcf7-form-control wpcf7-tel wpcf7-validates-as-required wpcf7-text wpcf7-validates-as-tel\" aria-required=\"true\" aria-invalid=\"false\" value=\"\" type=\"tel\" name=\"your-tel\" \/><\/span> <\/label>\n<\/p>\n<p><label> What interests you?<br \/>\n<span class=\"wpcf7-form-control-wrap\" data-name=\"menu-interes\"><select class=\"wpcf7-form-control wpcf7-select wpcf7-validates-as-required\" aria-required=\"true\" aria-invalid=\"false\" multiple=\"multiple\" name=\"menu-interes[]\"><option value=\"Curso de Iniciaci\u00f3n al vuelo\">Flight Initiation Course<\/option><option value=\"Curso de Piloto Privado PPL(H)\">PPL(H) Private Pilot Course<\/option><option value=\"Curso de Piloto Comercial CPL(H)\">CPL(H) Commercial Pilot Course<\/option><option value=\"Habilitaciones\">Ratings<\/option><option value=\"Otras Habilitaciones y calificaciones\">Other Ratings and Qualifications<\/option><option value=\"Otros\">Others<\/option><\/select><\/span> <\/label>\n<\/p>\n<p><label> Message<br \/>\n<span class=\"wpcf7-form-control-wrap\" data-name=\"your-message\"><textarea cols=\"40\" rows=\"10\" maxlength=\"2000\" class=\"wpcf7-form-control wpcf7-textarea\" aria-invalid=\"false\" name=\"your-message\"><\/textarea><\/span> <\/label>\n<\/p>\n<p><span class=\"wpcf7-form-control-wrap\" data-name=\"LeydeProteccindeDatos\"><span class=\"wpcf7-form-control wpcf7-checkbox wpcf7-validates-as-required\"><span class=\"wpcf7-list-item first last\"><input type=\"checkbox\" name=\"LeydeProteccindeDatos[]\" value=\"ACEPTO. Seg\u00fan lo establecido el 25 de mayo de 2018 en el Reglamento General de Protecci\u00f3n de Datos (RGPD), acepto la inclusi\u00f3n de mis datos (nombre, tel\u00e9fono y correo electr\u00f3nico) en un fichero del que es titular Helipistas SL, y que los mismos sean empleados para ofrecer los servicios en los que est\u00e9 interesado previo requerimiento suyo, a la vez que se utilizar\u00e1n para el env\u00edo de noticias y novedades de la empresa v\u00eda e-mail. Tambi\u00e9n le informamos de que su correo electr\u00f3nico y nombre nunca ser\u00e1n cedidos. Asimismo, declaro estar informado sobre los derechos de acceso rectificaci\u00f3n, cancelaci\u00f3n y oposici\u00f3n que podr\u00e9 ejercitar en el domicilio de Helipistas SL a ctra. de Ullastrell s\/n (Barcelona) o bien enviando un mensaje a la direcci\u00f3n de correo electr\u00f3nico info@helipistas.com.\" \/><span class=\"wpcf7-list-item-label\">I AGREE. As established on May 25, 2018 in the General Data Protection Regulation (RGPD), I accept the inclusion of my data (name, telephone number and email) in a file owned by Helipistas SL, and that they are employees to offer the services in which you are interested upon your request, at the same time that they will be used to send news and updates about the company via e-mail. We also inform you that your email and name will never be transferred. Likewise, I declare that I am informed about the rights of access, rectification, cancellation and opposition that I may exercise at the address of Helipistas SL a ctra. from Ullastrell s\/n (Barcelona) or by sending a message to the email address info@helipistas.com.<\/span><\/span><\/span><\/span>\n<\/p>\n<p><div id=\"cf7sr-69f7494a095a9\" class=\"cf7sr-g-recaptcha\" data-theme=\"light\" data-type=\"image\" data-size=\"normal\" data-sitekey=\"6Ldt3IkUAAAAAFi6Pywsnul_7YbKVpUCmzANs82i\"><\/div><span class=\"wpcf7-form-control-wrap cf7sr-recaptcha\" data-name=\"cf7sr-recaptcha\"><input type=\"hidden\" name=\"cf7sr-recaptcha\" value=\"\" class=\"wpcf7-form-control\"><\/span>\n<\/p>\n<p><input class=\"wpcf7-form-control wpcf7-submit has-spinner\" type=\"submit\" value=\"Send\" \/>\n<\/p><div class=\"wpcf7-response-output\" aria-hidden=\"true\"><\/div>\n<input type=\"hidden\" name=\"trp-form-language\" value=\"en\"\/><\/form>\n<\/div>\n\n<\/div>\n\t\t<\/div><\/div><\/div><\/div>","protected":false},"excerpt":{"rendered":"<p>Duration: 12 to 18 months Price: Upon request More information Act as pilot in command in operations other than commercial air transport and as pilot in command in\u2026<\/p>","protected":false},"author":1,"featured_media":9218,"parent":0,"menu_order":0,"comment_status":"closed","ping_status":"closed","template":"","meta":{"_joinchat":[],"footnotes":""},"class_list":["post-3710","page","type-page","status-publish","has-post-thumbnail","hentry"],"_links":{"self":[{"href":"https:\/\/nou.escuelapilotohelicoptero.com\/en\/wp-json\/wp\/v2\/pages\/3710","targetHints":{"allow":["GET"]}}],"collection":[{"href":"https:\/\/nou.escuelapilotohelicoptero.com\/en\/wp-json\/wp\/v2\/pages"}],"about":[{"href":"https:\/\/nou.escuelapilotohelicoptero.com\/en\/wp-json\/wp\/v2\/types\/page"}],"author":[{"embeddable":true,"href":"https:\/\/nou.escuelapilotohelicoptero.com\/en\/wp-json\/wp\/v2\/users\/1"}],"replies":[{"embeddable":true,"href":"https:\/\/nou.escuelapilotohelicoptero.com\/en\/wp-json\/wp\/v2\/comments?post=3710"}],"version-history":[{"count":18,"href":"https:\/\/nou.escuelapilotohelicoptero.com\/en\/wp-json\/wp\/v2\/pages\/3710\/revisions"}],"predecessor-version":[{"id":14439,"href":"https:\/\/nou.escuelapilotohelicoptero.com\/en\/wp-json\/wp\/v2\/pages\/3710\/revisions\/14439"}],"wp:featuredmedia":[{"embeddable":true,"href":"https:\/\/nou.escuelapilotohelicoptero.com\/en\/wp-json\/wp\/v2\/media\/9218"}],"wp:attachment":[{"href":"https:\/\/nou.escuelapilotohelicoptero.com\/en\/wp-json\/wp\/v2\/media?parent=3710"}],"curies":[{"name":"wp","href":"https:\/\/api.w.org\/{rel}","templated":true}]}}